{"id":471,"date":"2022-10-06T19:47:25","date_gmt":"2022-10-06T17:47:25","guid":{"rendered":"http:\/\/quadern-programacio.recursos.uoc.edu\/?page_id=471"},"modified":"2022-10-13T09:49:49","modified_gmt":"2022-10-13T07:49:49","slug":"anexo-5-el-archivo-html-base","status":"publish","type":"page","link":"http:\/\/quadern-programacio.recursos.uoc.edu\/es\/anexo-5-el-archivo-html-base\/","title":{"rendered":"Anexo 5. El archivo HTML base"},"content":{"rendered":"<p>Nuestros proyectos de P5.js se van a ver dentro de una p\u00e1gina web. Y para ello, debemos prepararla. Vamos a crear una p\u00e1gina web que cargue la librer\u00eda de P5.js y nuestro programa.<\/p>\n<p>En la carpeta Programaci\u00f3n crearemos un nuevo archivo, poni\u00e9ndonos, en el editor de c\u00f3digo, encima de la carpeta y haciendo clic con el bot\u00f3n derecho del rat\u00f3n. Nos aparecer\u00e1 un men\u00fa en el que se nos permite crear un nuevo fichero. Cuando nos lo pidan, le daremos el nombre de index.html.<\/p>\n<figure id=\"attachment_320\" aria-describedby=\"caption-attachment-320\" style=\"width: 494px\" class=\"wp-caption alignnone\"><img loading=\"lazy\" class=\"size-full wp-image-320\" src=\"\/wp-content\/uploads\/2022\/10\/PID_00290094_140.jpg\" alt=\"\" width=\"494\" height=\"112\" srcset=\"\/wp-content\/uploads\/2022\/10\/PID_00290094_140.jpg 494w, \/wp-content\/uploads\/2022\/10\/PID_00290094_140-300x68.jpg 300w\" sizes=\"(max-width: 494px) 100vw, 494px\" \/><figcaption id=\"caption-attachment-320\" class=\"wp-caption-text\">Figura 141<br \/>Fuente: elaboraci\u00f3n propia.<\/figcaption><\/figure>\n<p>En ese nuevo archivo copiamos el siguiente c\u00f3digo:<\/p>\n<pre>&lt;!DOCTYPE html&gt;\r\n&lt;html&gt;\r\n   &lt;head&gt;\r\n      &lt;meta charset=\"utf-8\"&gt;\r\n      &lt;meta name=\"viewport\" width=device-width, initial-scale=1.0, maximum-scale=1.0, user-scalable=0&gt;\r\n      &lt;style&gt; body {padding: 0; margin: 0;} &lt;\/style&gt;\r\n      &lt;script src=\"js\/p5.min.js\"&gt;&lt;\/script&gt;\r\n      &lt;script src=\"js\/sketch.js\"&gt;&lt;\/script&gt;\r\n   &lt;\/head&gt;\r\n   &lt;body&gt;\r\n   &lt;\/body&gt;\r\n&lt;\/html&gt;<\/pre>\n<p>\u00a1Una vez copiado el texto debemos guardarlo!<\/p>\n<p>En este c\u00f3digo HTML hay dos l\u00edneas que nos interesan especialmente. En la primera est\u00e1 la instrucci\u00f3n:<\/p>\n<pre>&lt;script src=\"js\/p5.min.js\"&gt;&lt;\/script&gt;<\/pre>\n<p>que sirve para indicar que debe cargarse la biblioteca de p5.js que nos hemos descargado. La segunda es esta:<\/p>\n<pre>&lt;script src=\"js\/sketch.js\"&gt;&lt;\/script&gt;<\/pre>\n<p>que lo que hace es cargar un archivo llamado sketch.js que estar\u00e1 guardado en la carpeta js, y que es donde se guardar\u00e1 nuestro programa.<\/p>\n","protected":false},"excerpt":{"rendered":"<p>Nuestros proyectos de P5.js se van a ver dentro de una p\u00e1gina web. Y para ello, debemos prepararla. Vamos a crear una p\u00e1gina web que cargue la librer\u00eda de P5.js y nuestro programa. En la carpeta Programaci\u00f3n crearemos un nuevo archivo, poni\u00e9ndonos, en el editor de c\u00f3digo, encima de la carpeta y haciendo clic con [&hellip;]<\/p>\n","protected":false},"author":2,"featured_media":0,"parent":0,"menu_order":0,"comment_status":"closed","ping_status":"closed","template":"","meta":[],"acf":[],"_links":{"self":[{"href":"http:\/\/quadern-programacio.recursos.uoc.edu\/es\/wp-json\/wp\/v2\/pages\/471"}],"collection":[{"href":"http:\/\/quadern-programacio.recursos.uoc.edu\/es\/wp-json\/wp\/v2\/pages"}],"about":[{"href":"http:\/\/quadern-programacio.recursos.uoc.edu\/es\/wp-json\/wp\/v2\/types\/page"}],"author":[{"embeddable":true,"href":"http:\/\/quadern-programacio.recursos.uoc.edu\/es\/wp-json\/wp\/v2\/users\/2"}],"replies":[{"embeddable":true,"href":"http:\/\/quadern-programacio.recursos.uoc.edu\/es\/wp-json\/wp\/v2\/comments?post=471"}],"version-history":[{"count":4,"href":"http:\/\/quadern-programacio.recursos.uoc.edu\/es\/wp-json\/wp\/v2\/pages\/471\/revisions"}],"predecessor-version":[{"id":593,"href":"http:\/\/quadern-programacio.recursos.uoc.edu\/es\/wp-json\/wp\/v2\/pages\/471\/revisions\/593"}],"wp:attachment":[{"href":"http:\/\/quadern-programacio.recursos.uoc.edu\/es\/wp-json\/wp\/v2\/media?parent=471"}],"curies":[{"name":"wp","href":"https:\/\/api.w.org\/{rel}","templated":true}]}}