{"id":465,"date":"2022-10-06T19:34:48","date_gmt":"2022-10-06T17:34:48","guid":{"rendered":"http:\/\/quadern-programacio.recursos.uoc.edu\/?page_id=465"},"modified":"2022-10-13T09:49:37","modified_gmt":"2022-10-13T07:49:37","slug":"anexo-3-el-editor-de-codigo","status":"publish","type":"page","link":"http:\/\/quadern-programacio.recursos.uoc.edu\/es\/anexo-3-el-editor-de-codigo\/","title":{"rendered":"Anexo 3. El editor de c\u00f3digo"},"content":{"rendered":"<p>Aunque para hacer programas peque\u00f1os nos bastar\u00e1 con el editor de texto que incluya nuestro sistema operativo, el contar con un verdadero editor de c\u00f3digo nos puede facilitar mucho la escritura de nuestro programa. Por ello, si quer\u00e9is programar habitualmente, os recomendamos instalaros uno.<\/p>\n<p>Algunas opciones pueden ser las siguientes:<\/p>\n<ul>\n<li><a href=\"https:\/\/notepad-plus-plus.org\/\" target=\"_blank\" rel=\"noopener\">Notepad++<\/a> es un editor no muy complicado, pero a la vez bastante potente. De c\u00f3digo libre, es gratuito y est\u00e1 traducido a casi cualquier idioma.<\/li>\n<li><a href=\"http:\/\/www.sublimetext.com\/\" target=\"_blank\" rel=\"noopener\">Sublime Text<\/a> no es gratuito, a pesar de que se puede bajar libremente para evaluar sin l\u00edmite de tiempo. Es uno de los editores de texto m\u00e1s utilizado.<\/li>\n<li><a href=\"https:\/\/code.visualstudio.com\/\" target=\"_blank\" rel=\"noopener\">Visual Studio Code<\/a> es el editor de c\u00f3digo de Microsoft, es gratuito y se puede descargar libremente. Es una gran competencia al resto de los editores.<\/li>\n<li><a href=\"https:\/\/brackets.io\/\" target=\"_blank\" rel=\"noopener\">Brackets<\/a> es un potente editor de c\u00f3digo libre.<\/li>\n<li><a href=\"https:\/\/atom.io\/\" target=\"_blank\" rel=\"noopener\">Atom<\/a> es otro potente editor de c\u00f3digo libre.<\/li>\n<\/ul>\n<p>Los ejemplos que veremos aqu\u00ed se han hecho usando Atom y Visual Studio Code, pero pod\u00e9is usar cualquier otro, ya que el funcionamiento es muy similar en todos.<\/p>\n<p>Un primer paso que habr\u00e1 que hacer al abrir el editor es seleccionar la carpeta con la que vamos a trabajar.<\/p>\n<figure id=\"attachment_312\" aria-describedby=\"caption-attachment-312\" style=\"width: 551px\" class=\"wp-caption alignnone\"><img loading=\"lazy\" class=\"size-full wp-image-312\" src=\"\/wp-content\/uploads\/2022\/10\/PID_00290094_136.jpg\" alt=\"\" width=\"551\" height=\"147\" srcset=\"\/wp-content\/uploads\/2022\/10\/PID_00290094_136.jpg 551w, \/wp-content\/uploads\/2022\/10\/PID_00290094_136-300x80.jpg 300w\" sizes=\"(max-width: 551px) 100vw, 551px\" \/><figcaption id=\"caption-attachment-312\" class=\"wp-caption-text\">Figura 137<br \/>Fuente: elaboraci\u00f3n propia.<\/figcaption><\/figure>\n<p>Una vez abierta la carpeta, nos aparecer\u00e1 en la parte izquierda del editor lo siguiente:<\/p>\n<figure id=\"attachment_314\" aria-describedby=\"caption-attachment-314\" style=\"width: 454px\" class=\"wp-caption alignnone\"><img loading=\"lazy\" class=\"size-full wp-image-314\" src=\"\/wp-content\/uploads\/2022\/10\/PID_00290094_137.jpg\" alt=\"\" width=\"454\" height=\"167\" srcset=\"\/wp-content\/uploads\/2022\/10\/PID_00290094_137.jpg 454w, \/wp-content\/uploads\/2022\/10\/PID_00290094_137-300x110.jpg 300w\" sizes=\"(max-width: 454px) 100vw, 454px\" \/><figcaption id=\"caption-attachment-314\" class=\"wp-caption-text\">Figura 138<br \/>Fuente: elaboraci\u00f3n propia.<\/figcaption><\/figure>\n<p>Una vez en este punto, ya casi estamos preparados para crear nuestros programas. Nos faltan un par de pasos m\u00e1s.<\/p>\n","protected":false},"excerpt":{"rendered":"<p>Aunque para hacer programas peque\u00f1os nos bastar\u00e1 con el editor de texto que incluya nuestro sistema operativo, el contar con un verdadero editor de c\u00f3digo nos puede facilitar mucho la escritura de nuestro programa. Por ello, si quer\u00e9is programar habitualmente, os recomendamos instalaros uno. Algunas opciones pueden ser las siguientes: Notepad++ es un editor no [&hellip;]<\/p>\n","protected":false},"author":2,"featured_media":0,"parent":0,"menu_order":0,"comment_status":"closed","ping_status":"closed","template":"","meta":[],"acf":[],"_links":{"self":[{"href":"http:\/\/quadern-programacio.recursos.uoc.edu\/es\/wp-json\/wp\/v2\/pages\/465"}],"collection":[{"href":"http:\/\/quadern-programacio.recursos.uoc.edu\/es\/wp-json\/wp\/v2\/pages"}],"about":[{"href":"http:\/\/quadern-programacio.recursos.uoc.edu\/es\/wp-json\/wp\/v2\/types\/page"}],"author":[{"embeddable":true,"href":"http:\/\/quadern-programacio.recursos.uoc.edu\/es\/wp-json\/wp\/v2\/users\/2"}],"replies":[{"embeddable":true,"href":"http:\/\/quadern-programacio.recursos.uoc.edu\/es\/wp-json\/wp\/v2\/comments?post=465"}],"version-history":[{"count":5,"href":"http:\/\/quadern-programacio.recursos.uoc.edu\/es\/wp-json\/wp\/v2\/pages\/465\/revisions"}],"predecessor-version":[{"id":592,"href":"http:\/\/quadern-programacio.recursos.uoc.edu\/es\/wp-json\/wp\/v2\/pages\/465\/revisions\/592"}],"wp:attachment":[{"href":"http:\/\/quadern-programacio.recursos.uoc.edu\/es\/wp-json\/wp\/v2\/media?parent=465"}],"curies":[{"name":"wp","href":"https:\/\/api.w.org\/{rel}","templated":true}]}}