{"id":463,"date":"2022-10-06T19:33:26","date_gmt":"2022-10-06T17:33:26","guid":{"rendered":"http:\/\/quadern-programacio.recursos.uoc.edu\/?page_id=463"},"modified":"2022-10-13T09:45:25","modified_gmt":"2022-10-13T07:45:25","slug":"anexo-2-el-espacio-de-trabajo-en-nuestro-ordenador","status":"publish","type":"page","link":"http:\/\/quadern-programacio.recursos.uoc.edu\/es\/anexo-2-el-espacio-de-trabajo-en-nuestro-ordenador\/","title":{"rendered":"Anexo 2. El espacio de trabajo en nuestro ordenador"},"content":{"rendered":"<p>Vamos a preparar un espacio en nuestro ordenador donde guardar los archivos que crearemos y usaremos para trabajar proyectos de P5.js.<\/p>\n<p>En la carpeta que os resulte m\u00e1s adecuada (en Windows ser\u00e1 la carpeta Documentos), deber\u00edais crear una nueva carpeta llamada Programaci\u00f3n (o como dese\u00e9is mientras os indique para qu\u00e9 la us\u00e1is).<\/p>\n<p>Dentro de esa carpeta crearemos dos m\u00e1s: img, donde guardaremos las im\u00e1genes que vayamos a usar, y js, en la que guardaremos el c\u00f3digo JavaScript.<\/p>\n<p>El resultado debe ser este:<\/p>\n<figure id=\"attachment_310\" aria-describedby=\"caption-attachment-310\" style=\"width: 195px\" class=\"wp-caption alignnone\"><img loading=\"lazy\" class=\"size-full wp-image-310\" src=\"\/wp-content\/uploads\/2022\/10\/PID_00290094_135.jpg\" alt=\"\" width=\"195\" height=\"106\" \/><figcaption id=\"caption-attachment-310\" class=\"wp-caption-text\">Figura 136<br \/>Fuente: elaboraci\u00f3n propia.<\/figcaption><\/figure>\n<p>Ya tenemos nuestro espacio de trabajo creado. Vamos ahora a instalar un editor de c\u00f3digo.<\/p>\n","protected":false},"excerpt":{"rendered":"<p>Vamos a preparar un espacio en nuestro ordenador donde guardar los archivos que crearemos y usaremos para trabajar proyectos de P5.js. En la carpeta que os resulte m\u00e1s adecuada (en Windows ser\u00e1 la carpeta Documentos), deber\u00edais crear una nueva carpeta llamada Programaci\u00f3n (o como dese\u00e9is mientras os indique para qu\u00e9 la us\u00e1is). Dentro de esa [&hellip;]<\/p>\n","protected":false},"author":2,"featured_media":0,"parent":0,"menu_order":0,"comment_status":"closed","ping_status":"closed","template":"","meta":[],"acf":[],"_links":{"self":[{"href":"http:\/\/quadern-programacio.recursos.uoc.edu\/es\/wp-json\/wp\/v2\/pages\/463"}],"collection":[{"href":"http:\/\/quadern-programacio.recursos.uoc.edu\/es\/wp-json\/wp\/v2\/pages"}],"about":[{"href":"http:\/\/quadern-programacio.recursos.uoc.edu\/es\/wp-json\/wp\/v2\/types\/page"}],"author":[{"embeddable":true,"href":"http:\/\/quadern-programacio.recursos.uoc.edu\/es\/wp-json\/wp\/v2\/users\/2"}],"replies":[{"embeddable":true,"href":"http:\/\/quadern-programacio.recursos.uoc.edu\/es\/wp-json\/wp\/v2\/comments?post=463"}],"version-history":[{"count":2,"href":"http:\/\/quadern-programacio.recursos.uoc.edu\/es\/wp-json\/wp\/v2\/pages\/463\/revisions"}],"predecessor-version":[{"id":587,"href":"http:\/\/quadern-programacio.recursos.uoc.edu\/es\/wp-json\/wp\/v2\/pages\/463\/revisions\/587"}],"wp:attachment":[{"href":"http:\/\/quadern-programacio.recursos.uoc.edu\/es\/wp-json\/wp\/v2\/media?parent=463"}],"curies":[{"name":"wp","href":"https:\/\/api.w.org\/{rel}","templated":true}]}}