{"id":461,"date":"2022-10-06T19:31:35","date_gmt":"2022-10-06T17:31:35","guid":{"rendered":"http:\/\/quadern-programacio.recursos.uoc.edu\/?page_id=461"},"modified":"2022-10-13T09:45:12","modified_gmt":"2022-10-13T07:45:12","slug":"anexo-1-introduccion","status":"publish","type":"page","link":"http:\/\/quadern-programacio.recursos.uoc.edu\/es\/anexo-1-introduccion\/","title":{"rendered":"Anexo 1. Introducci\u00f3n"},"content":{"rendered":"<p>Aunque CodeLab es una gran herramienta y es la que usaremos habitualmente durante este curso, fuera del entorno acad\u00e9mico esta no ser\u00e1 nuestra opci\u00f3n por defecto. Para crear nuestros proyectos con P5.js y hacerlos visibles desde la web, deberemos crear nuestros proyectos dentro de una p\u00e1gina web. En este anexo os explicamos c\u00f3mo preparar un entorno de trabajo que nos permita crear animaciones P5.js dentro de una p\u00e1gina web que podremos subir a un servidor.<\/p>\n<p>Para preparar este entorno de programaci\u00f3n, necesitaremos cuatro cosas:<\/p>\n<ol>\n<li>Un espacio en nuestro ordenador donde guardar los diferentes archivos con los que vamos a trabajar.<\/li>\n<li>Un editor de c\u00f3digo.<\/li>\n<li>La librer\u00eda de P5.js.<\/li>\n<li>Un archivo HTML que nos sirva de base.<\/li>\n<\/ol>\n","protected":false},"excerpt":{"rendered":"<p>Aunque CodeLab es una gran herramienta y es la que usaremos habitualmente durante este curso, fuera del entorno acad\u00e9mico esta no ser\u00e1 nuestra opci\u00f3n por defecto. Para crear nuestros proyectos con P5.js y hacerlos visibles desde la web, deberemos crear nuestros proyectos dentro de una p\u00e1gina web. En este anexo os explicamos c\u00f3mo preparar un [&hellip;]<\/p>\n","protected":false},"author":2,"featured_media":0,"parent":0,"menu_order":0,"comment_status":"closed","ping_status":"closed","template":"","meta":[],"acf":[],"_links":{"self":[{"href":"http:\/\/quadern-programacio.recursos.uoc.edu\/es\/wp-json\/wp\/v2\/pages\/461"}],"collection":[{"href":"http:\/\/quadern-programacio.recursos.uoc.edu\/es\/wp-json\/wp\/v2\/pages"}],"about":[{"href":"http:\/\/quadern-programacio.recursos.uoc.edu\/es\/wp-json\/wp\/v2\/types\/page"}],"author":[{"embeddable":true,"href":"http:\/\/quadern-programacio.recursos.uoc.edu\/es\/wp-json\/wp\/v2\/users\/2"}],"replies":[{"embeddable":true,"href":"http:\/\/quadern-programacio.recursos.uoc.edu\/es\/wp-json\/wp\/v2\/comments?post=461"}],"version-history":[{"count":2,"href":"http:\/\/quadern-programacio.recursos.uoc.edu\/es\/wp-json\/wp\/v2\/pages\/461\/revisions"}],"predecessor-version":[{"id":586,"href":"http:\/\/quadern-programacio.recursos.uoc.edu\/es\/wp-json\/wp\/v2\/pages\/461\/revisions\/586"}],"wp:attachment":[{"href":"http:\/\/quadern-programacio.recursos.uoc.edu\/es\/wp-json\/wp\/v2\/media?parent=461"}],"curies":[{"name":"wp","href":"https:\/\/api.w.org\/{rel}","templated":true}]}}