{"id":450,"date":"2022-10-06T13:32:11","date_gmt":"2022-10-06T11:32:11","guid":{"rendered":"http:\/\/quadern-programacio.recursos.uoc.edu\/?page_id=450"},"modified":"2022-11-18T15:18:21","modified_gmt":"2022-11-18T13:18:21","slug":"10-2-datos","status":"publish","type":"page","link":"http:\/\/quadern-programacio.recursos.uoc.edu\/es\/10-2-datos\/","title":{"rendered":"10.2. Datos"},"content":{"rendered":"<p>La visualizaci\u00f3n de datos es un campo que en los \u00faltimos a\u00f1os ha tenido gran crecimiento en gran medida debido a la enorme cantidad de datos que el mundo digital genera y a la capacidad de almacenar y analizar esos datos, lo que conocemos como <em>big data<\/em>.<\/p>\n<p>Existen multitud de softwares mediante los cuales podemos crear todo tipo de gr\u00e1ficos y visualizaciones de estos datos, pero utilizando P5 seremos capaces de utilizar nuestra propia herramienta de visualizaci\u00f3n y crear resultados mucho m\u00e1s interesantes sin estar limitados por las funcionalidades de las herramientas ya disponibles.<\/p>\n","protected":false},"excerpt":{"rendered":"<p>La visualizaci\u00f3n de datos es un campo que en los \u00faltimos a\u00f1os ha tenido gran crecimiento en gran medida debido a la enorme cantidad de datos que el mundo digital genera y a la capacidad de almacenar y analizar esos datos, lo que conocemos como big data. Existen multitud de softwares mediante los cuales podemos [&hellip;]<\/p>\n","protected":false},"author":2,"featured_media":0,"parent":0,"menu_order":0,"comment_status":"closed","ping_status":"closed","template":"","meta":[],"acf":[],"_links":{"self":[{"href":"http:\/\/quadern-programacio.recursos.uoc.edu\/es\/wp-json\/wp\/v2\/pages\/450"}],"collection":[{"href":"http:\/\/quadern-programacio.recursos.uoc.edu\/es\/wp-json\/wp\/v2\/pages"}],"about":[{"href":"http:\/\/quadern-programacio.recursos.uoc.edu\/es\/wp-json\/wp\/v2\/types\/page"}],"author":[{"embeddable":true,"href":"http:\/\/quadern-programacio.recursos.uoc.edu\/es\/wp-json\/wp\/v2\/users\/2"}],"replies":[{"embeddable":true,"href":"http:\/\/quadern-programacio.recursos.uoc.edu\/es\/wp-json\/wp\/v2\/comments?post=450"}],"version-history":[{"count":2,"href":"http:\/\/quadern-programacio.recursos.uoc.edu\/es\/wp-json\/wp\/v2\/pages\/450\/revisions"}],"predecessor-version":[{"id":996,"href":"http:\/\/quadern-programacio.recursos.uoc.edu\/es\/wp-json\/wp\/v2\/pages\/450\/revisions\/996"}],"wp:attachment":[{"href":"http:\/\/quadern-programacio.recursos.uoc.edu\/es\/wp-json\/wp\/v2\/media?parent=450"}],"curies":[{"name":"wp","href":"https:\/\/api.w.org\/{rel}","templated":true}]}}