{"id":448,"date":"2022-10-06T13:31:18","date_gmt":"2022-10-06T11:31:18","guid":{"rendered":"http:\/\/quadern-programacio.recursos.uoc.edu\/?page_id=448"},"modified":"2022-11-18T15:18:11","modified_gmt":"2022-11-18T13:18:11","slug":"10-1-introduccion-y-objetivos","status":"publish","type":"page","link":"http:\/\/quadern-programacio.recursos.uoc.edu\/es\/10-1-introduccion-y-objetivos\/","title":{"rendered":"10.1. Introducci\u00f3n y objetivos"},"content":{"rendered":"<p>Con la aproximaci\u00f3n a los <em>arrays <\/em>y los objetos en el tema anterior hemos cubierto gran parte de los conocimientos b\u00e1sicos necesarios para programar en cualquier lenguaje o plataforma.<\/p>\n<p>En este tema aplicaremos todos nuestros conocimientos previos para llevar a cabo visualizaciones de datos, una tarea en la que la programaci\u00f3n y el dise\u00f1o se dan la mano y que en los \u00faltimos a\u00f1os ha tenido gran crecimiento debido a la cantidad ingente de datos a los que podemos tener acceso.<\/p>\n<p>A lo largo de este tema alcanzaremos los siguientes objetivos:<\/p>\n<ul>\n<li>Cargar y visualizar datos de manera local usando archivos .csv y .json.<\/li>\n<li>Cargar y visualizar datos extra\u00eddos de internet mediante el uso de API.<\/li>\n<\/ul>\n","protected":false},"excerpt":{"rendered":"<p>Con la aproximaci\u00f3n a los arrays y los objetos en el tema anterior hemos cubierto gran parte de los conocimientos b\u00e1sicos necesarios para programar en cualquier lenguaje o plataforma. En este tema aplicaremos todos nuestros conocimientos previos para llevar a cabo visualizaciones de datos, una tarea en la que la programaci\u00f3n y el dise\u00f1o se [&hellip;]<\/p>\n","protected":false},"author":2,"featured_media":0,"parent":0,"menu_order":0,"comment_status":"closed","ping_status":"closed","template":"","meta":[],"acf":[],"_links":{"self":[{"href":"http:\/\/quadern-programacio.recursos.uoc.edu\/es\/wp-json\/wp\/v2\/pages\/448"}],"collection":[{"href":"http:\/\/quadern-programacio.recursos.uoc.edu\/es\/wp-json\/wp\/v2\/pages"}],"about":[{"href":"http:\/\/quadern-programacio.recursos.uoc.edu\/es\/wp-json\/wp\/v2\/types\/page"}],"author":[{"embeddable":true,"href":"http:\/\/quadern-programacio.recursos.uoc.edu\/es\/wp-json\/wp\/v2\/users\/2"}],"replies":[{"embeddable":true,"href":"http:\/\/quadern-programacio.recursos.uoc.edu\/es\/wp-json\/wp\/v2\/comments?post=448"}],"version-history":[{"count":2,"href":"http:\/\/quadern-programacio.recursos.uoc.edu\/es\/wp-json\/wp\/v2\/pages\/448\/revisions"}],"predecessor-version":[{"id":995,"href":"http:\/\/quadern-programacio.recursos.uoc.edu\/es\/wp-json\/wp\/v2\/pages\/448\/revisions\/995"}],"wp:attachment":[{"href":"http:\/\/quadern-programacio.recursos.uoc.edu\/es\/wp-json\/wp\/v2\/media?parent=448"}],"curies":[{"name":"wp","href":"https:\/\/api.w.org\/{rel}","templated":true}]}}