{"id":432,"date":"2022-10-06T11:30:27","date_gmt":"2022-10-06T09:30:27","guid":{"rendered":"http:\/\/quadern-programacio.recursos.uoc.edu\/?page_id=432"},"modified":"2022-10-13T09:42:07","modified_gmt":"2022-10-13T07:42:07","slug":"8-1-introduccion-y-objetivos","status":"publish","type":"page","link":"http:\/\/quadern-programacio.recursos.uoc.edu\/es\/8-1-introduccion-y-objetivos\/","title":{"rendered":"8.1. Introducci\u00f3n y objetivos"},"content":{"rendered":"<p>En ocasiones, adem\u00e1s de las figuras que dibujemos en nuestros <em>sketches<\/em>, es probable que necesitemos recursos externos para utilizarlos en nuestros dise\u00f1os. En este apartado veremos c\u00f3mo podemos cargar y mostrar estos recursos en P5.<\/p>\n<p>Ya se trate de im\u00e1genes, v\u00eddeos o tipograf\u00edas, seremos capaces de cargarlos de manera local o a trav\u00e9s de la web para que sean accesibles desde nuestros programas.<\/p>\n<p>A la hora de cargar estos recursos, aprenderemos tambi\u00e9n sobre la asincron\u00eda y c\u00f3mo utilizarla en P5 para que nuestros programas no se ralenticen cuando tengamos que cargar archivos pesados.<\/p>\n<p>A lo largo de este tema, alcanzaremos los siguientes objetivos:<\/p>\n<ul>\n<li>Usar tipograf\u00edas del sistema y mostrar texto con estas.<\/li>\n<li>Cargar tipograf\u00edas externas.<\/li>\n<li>Cargar y mostrar im\u00e1genes.<\/li>\n<li>Cargar y mostrar v\u00eddeos.<\/li>\n<li>Utilizar estos recursos no solo como un fin en s\u00ed, sino como punto de partida para nuestra creatividad.<\/li>\n<\/ul>\n","protected":false},"excerpt":{"rendered":"<p>En ocasiones, adem\u00e1s de las figuras que dibujemos en nuestros sketches, es probable que necesitemos recursos externos para utilizarlos en nuestros dise\u00f1os. En este apartado veremos c\u00f3mo podemos cargar y mostrar estos recursos en P5. Ya se trate de im\u00e1genes, v\u00eddeos o tipograf\u00edas, seremos capaces de cargarlos de manera local o a trav\u00e9s de la [&hellip;]<\/p>\n","protected":false},"author":2,"featured_media":0,"parent":0,"menu_order":0,"comment_status":"closed","ping_status":"closed","template":"","meta":[],"acf":[],"_links":{"self":[{"href":"http:\/\/quadern-programacio.recursos.uoc.edu\/es\/wp-json\/wp\/v2\/pages\/432"}],"collection":[{"href":"http:\/\/quadern-programacio.recursos.uoc.edu\/es\/wp-json\/wp\/v2\/pages"}],"about":[{"href":"http:\/\/quadern-programacio.recursos.uoc.edu\/es\/wp-json\/wp\/v2\/types\/page"}],"author":[{"embeddable":true,"href":"http:\/\/quadern-programacio.recursos.uoc.edu\/es\/wp-json\/wp\/v2\/users\/2"}],"replies":[{"embeddable":true,"href":"http:\/\/quadern-programacio.recursos.uoc.edu\/es\/wp-json\/wp\/v2\/comments?post=432"}],"version-history":[{"count":3,"href":"http:\/\/quadern-programacio.recursos.uoc.edu\/es\/wp-json\/wp\/v2\/pages\/432\/revisions"}],"predecessor-version":[{"id":583,"href":"http:\/\/quadern-programacio.recursos.uoc.edu\/es\/wp-json\/wp\/v2\/pages\/432\/revisions\/583"}],"wp:attachment":[{"href":"http:\/\/quadern-programacio.recursos.uoc.edu\/es\/wp-json\/wp\/v2\/media?parent=432"}],"curies":[{"name":"wp","href":"https:\/\/api.w.org\/{rel}","templated":true}]}}