{"id":374,"date":"2022-10-04T15:00:25","date_gmt":"2022-10-04T13:00:25","guid":{"rendered":"http:\/\/quadern-programacio.recursos.uoc.edu\/?page_id=374"},"modified":"2022-10-13T09:40:12","modified_gmt":"2022-10-13T07:40:12","slug":"3-5-consola","status":"publish","type":"page","link":"http:\/\/quadern-programacio.recursos.uoc.edu\/es\/3-5-consola\/","title":{"rendered":"3.5. Consola"},"content":{"rendered":"<p>Un elemento muy \u00fatil de nuestro entorno de programaci\u00f3n es la consola. Se trata de una ventana de texto en la que podemos \u00abimprimir\u00bb valores de nuestro c\u00f3digo. Para imprimir valores en la consola utilizamos el m\u00e9todo <span class=\"courier\">console.log()<\/span>. Dentro del par\u00e9ntesis le damos como par\u00e1metro el valor que queramos imprimir. Tambi\u00e9n podemos \u00abadornar\u00bb lo que imprimamos utilizando cadenas de caracteres (<em>strings<\/em>), que en Javascript debemos escribir entre comillas dobles \u201c\u201d o simples \u2018\u2019. A estos <em>strings<\/em> podemos concatenarles valores mediante el operador de suma y Javascript se encarga por nosotros de convertir los valores a <em>strings<\/em> para mostrarlos en la consola.<\/p>\n<figure id=\"attachment_96\" aria-describedby=\"caption-attachment-96\" style=\"width: 800px\" class=\"wp-caption alignnone\"><img loading=\"lazy\" class=\"size-full wp-image-96\" src=\"\/wp-content\/uploads\/2022\/10\/PID_00290094_031.jpg\" alt=\"\" width=\"800\" height=\"395\" srcset=\"\/wp-content\/uploads\/2022\/10\/PID_00290094_031.jpg 800w, \/wp-content\/uploads\/2022\/10\/PID_00290094_031-300x148.jpg 300w, \/wp-content\/uploads\/2022\/10\/PID_00290094_031-768x379.jpg 768w\" sizes=\"(max-width: 800px) 100vw, 800px\" \/><figcaption id=\"caption-attachment-96\" class=\"wp-caption-text\">Figura 31. Imprimiendo valores en la consola<br \/>Fuente: elaboraci\u00f3n propia.<\/figcaption><\/figure>\n<p>En el editor de OpenProcessing la consola aparece autom\u00e1ticamente cuando utilizamos alg\u00fan <span class=\"courier\">console.log()<\/span>; si no fuera as\u00ed, comprobad en la barra lateral del editor que la consola est\u00e9 activada.<\/p>\n","protected":false},"excerpt":{"rendered":"<p>Un elemento muy \u00fatil de nuestro entorno de programaci\u00f3n es la consola. Se trata de una ventana de texto en la que podemos \u00abimprimir\u00bb valores de nuestro c\u00f3digo. Para imprimir valores en la consola utilizamos el m\u00e9todo . Dentro del par\u00e9ntesis le damos como par\u00e1metro el valor que queramos imprimir. Tambi\u00e9n podemos \u00abadornar\u00bb lo que [&hellip;]<\/p>\n","protected":false},"author":2,"featured_media":0,"parent":0,"menu_order":0,"comment_status":"closed","ping_status":"closed","template":"","meta":[],"acf":[],"_links":{"self":[{"href":"http:\/\/quadern-programacio.recursos.uoc.edu\/es\/wp-json\/wp\/v2\/pages\/374"}],"collection":[{"href":"http:\/\/quadern-programacio.recursos.uoc.edu\/es\/wp-json\/wp\/v2\/pages"}],"about":[{"href":"http:\/\/quadern-programacio.recursos.uoc.edu\/es\/wp-json\/wp\/v2\/types\/page"}],"author":[{"embeddable":true,"href":"http:\/\/quadern-programacio.recursos.uoc.edu\/es\/wp-json\/wp\/v2\/users\/2"}],"replies":[{"embeddable":true,"href":"http:\/\/quadern-programacio.recursos.uoc.edu\/es\/wp-json\/wp\/v2\/comments?post=374"}],"version-history":[{"count":2,"href":"http:\/\/quadern-programacio.recursos.uoc.edu\/es\/wp-json\/wp\/v2\/pages\/374\/revisions"}],"predecessor-version":[{"id":580,"href":"http:\/\/quadern-programacio.recursos.uoc.edu\/es\/wp-json\/wp\/v2\/pages\/374\/revisions\/580"}],"wp:attachment":[{"href":"http:\/\/quadern-programacio.recursos.uoc.edu\/es\/wp-json\/wp\/v2\/media?parent=374"}],"curies":[{"name":"wp","href":"https:\/\/api.w.org\/{rel}","templated":true}]}}