{"id":362,"date":"2022-10-04T14:12:47","date_gmt":"2022-10-04T12:12:47","guid":{"rendered":"http:\/\/quadern-programacio.recursos.uoc.edu\/?page_id=362"},"modified":"2022-10-04T14:12:47","modified_gmt":"2022-10-04T12:12:47","slug":"2-10-formas-personalizadas","status":"publish","type":"page","link":"http:\/\/quadern-programacio.recursos.uoc.edu\/es\/2-10-formas-personalizadas\/","title":{"rendered":"2.10. Formas personalizadas"},"content":{"rendered":"<p>Adem\u00e1s de las formas predefinidas que incluye P5, como <span class=\"courier\">ellipse()<\/span>, <span class=\"courier\">rect()<\/span>, <span class=\"courier\">quad()<\/span> o <span class=\"courier\">arc()<\/span>, tambi\u00e9n podemos crear nuestras propias figuras definiendo las posiciones de sus v\u00e9rtices. Para ello, utilizaremos los m\u00e9todos <span class=\"courier\">beginShape()<\/span>, <span class=\"courier\">vertex()<\/span> y <span class=\"courier\">endShape()<\/span>.<\/p>\n<figure id=\"attachment_86\" aria-describedby=\"caption-attachment-86\" style=\"width: 800px\" class=\"wp-caption alignnone\"><img loading=\"lazy\" class=\"size-full wp-image-86\" src=\"\/wp-content\/uploads\/2022\/10\/PID_00290094_026.jpg\" alt=\"\" width=\"800\" height=\"361\" srcset=\"\/wp-content\/uploads\/2022\/10\/PID_00290094_026.jpg 800w, \/wp-content\/uploads\/2022\/10\/PID_00290094_026-300x135.jpg 300w, \/wp-content\/uploads\/2022\/10\/PID_00290094_026-768x347.jpg 768w\" sizes=\"(max-width: 800px) 100vw, 800px\" \/><figcaption id=\"caption-attachment-86\" class=\"wp-caption-text\">Figura 26. Formas personalizadas<br \/>Fuente: elaboraci\u00f3n propia.<\/figcaption><\/figure>\n","protected":false},"excerpt":{"rendered":"<p>Adem\u00e1s de las formas predefinidas que incluye P5, como , , o , tambi\u00e9n podemos crear nuestras propias figuras definiendo las posiciones de sus v\u00e9rtices. Para ello, utilizaremos los m\u00e9todos , y .<\/p>\n","protected":false},"author":2,"featured_media":0,"parent":0,"menu_order":0,"comment_status":"closed","ping_status":"closed","template":"","meta":[],"acf":[],"_links":{"self":[{"href":"http:\/\/quadern-programacio.recursos.uoc.edu\/es\/wp-json\/wp\/v2\/pages\/362"}],"collection":[{"href":"http:\/\/quadern-programacio.recursos.uoc.edu\/es\/wp-json\/wp\/v2\/pages"}],"about":[{"href":"http:\/\/quadern-programacio.recursos.uoc.edu\/es\/wp-json\/wp\/v2\/types\/page"}],"author":[{"embeddable":true,"href":"http:\/\/quadern-programacio.recursos.uoc.edu\/es\/wp-json\/wp\/v2\/users\/2"}],"replies":[{"embeddable":true,"href":"http:\/\/quadern-programacio.recursos.uoc.edu\/es\/wp-json\/wp\/v2\/comments?post=362"}],"version-history":[{"count":1,"href":"http:\/\/quadern-programacio.recursos.uoc.edu\/es\/wp-json\/wp\/v2\/pages\/362\/revisions"}],"predecessor-version":[{"id":363,"href":"http:\/\/quadern-programacio.recursos.uoc.edu\/es\/wp-json\/wp\/v2\/pages\/362\/revisions\/363"}],"wp:attachment":[{"href":"http:\/\/quadern-programacio.recursos.uoc.edu\/es\/wp-json\/wp\/v2\/media?parent=362"}],"curies":[{"name":"wp","href":"https:\/\/api.w.org\/{rel}","templated":true}]}}