{"id":352,"date":"2022-10-04T12:31:56","date_gmt":"2022-10-04T10:31:56","guid":{"rendered":"http:\/\/quadern-programacio.recursos.uoc.edu\/?page_id=352"},"modified":"2022-10-13T09:41:01","modified_gmt":"2022-10-13T07:41:01","slug":"2-5-referencia-de-p5","status":"publish","type":"page","link":"http:\/\/quadern-programacio.recursos.uoc.edu\/es\/2-5-referencia-de-p5\/","title":{"rendered":"2.5. Referencia de P5"},"content":{"rendered":"<p>En la p\u00e1gina web de <a href=\"http:\/\/p5js.org\/\" target=\"_blank\" rel=\"noopener\">P5<\/a> ten\u00e9is disponible su <a href=\"https:\/\/p5js.org\/reference\/\" target=\"_blank\" rel=\"noopener\">referencia<\/a>, en la que pod\u00e9is encontrar c\u00f3mo se usan los distintos m\u00e9todos y funciones que veremos a lo largo de la asignatura. Es un recurso muy \u00fatil que cuenta adem\u00e1s con ejemplos que pod\u00e9is copiar y pegar en vuestro c\u00f3digo para haceros con el funcionamiento de cualquier m\u00e9todo. Si por ejemplo naveg\u00e1is a la p\u00e1gina de <span class=\"courier\">ellipse()<\/span> en la referencia\u00a0podr\u00e9is ver con detalle c\u00f3mo se utiliza y qu\u00e9 significa cada uno de sus par\u00e1metros.<\/p>\n","protected":false},"excerpt":{"rendered":"<p>En la p\u00e1gina web de P5 ten\u00e9is disponible su referencia, en la que pod\u00e9is encontrar c\u00f3mo se usan los distintos m\u00e9todos y funciones que veremos a lo largo de la asignatura. Es un recurso muy \u00fatil que cuenta adem\u00e1s con ejemplos que pod\u00e9is copiar y pegar en vuestro c\u00f3digo para haceros con el funcionamiento de [&hellip;]<\/p>\n","protected":false},"author":2,"featured_media":0,"parent":0,"menu_order":0,"comment_status":"closed","ping_status":"closed","template":"","meta":[],"acf":[],"_links":{"self":[{"href":"http:\/\/quadern-programacio.recursos.uoc.edu\/es\/wp-json\/wp\/v2\/pages\/352"}],"collection":[{"href":"http:\/\/quadern-programacio.recursos.uoc.edu\/es\/wp-json\/wp\/v2\/pages"}],"about":[{"href":"http:\/\/quadern-programacio.recursos.uoc.edu\/es\/wp-json\/wp\/v2\/types\/page"}],"author":[{"embeddable":true,"href":"http:\/\/quadern-programacio.recursos.uoc.edu\/es\/wp-json\/wp\/v2\/users\/2"}],"replies":[{"embeddable":true,"href":"http:\/\/quadern-programacio.recursos.uoc.edu\/es\/wp-json\/wp\/v2\/comments?post=352"}],"version-history":[{"count":3,"href":"http:\/\/quadern-programacio.recursos.uoc.edu\/es\/wp-json\/wp\/v2\/pages\/352\/revisions"}],"predecessor-version":[{"id":581,"href":"http:\/\/quadern-programacio.recursos.uoc.edu\/es\/wp-json\/wp\/v2\/pages\/352\/revisions\/581"}],"wp:attachment":[{"href":"http:\/\/quadern-programacio.recursos.uoc.edu\/es\/wp-json\/wp\/v2\/media?parent=352"}],"curies":[{"name":"wp","href":"https:\/\/api.w.org\/{rel}","templated":true}]}}