{"id":1098,"date":"2022-11-21T19:02:26","date_gmt":"2022-11-21T17:02:26","guid":{"rendered":"http:\/\/quadern-programacio.recursos.uoc.edu\/?page_id=1098"},"modified":"2022-11-21T19:02:26","modified_gmt":"2022-11-21T17:02:26","slug":"8-5-repaso-imagenes-y-tipografia","status":"publish","type":"page","link":"http:\/\/quadern-programacio.recursos.uoc.edu\/es\/8-5-repaso-imagenes-y-tipografia\/","title":{"rendered":"8.5. Repaso: im\u00e1genes y tipograf\u00eda"},"content":{"rendered":"<div class=\"videowrapper\">\r\n                    <div class=\"videocontent\">\r\n                        <video data-url-desk=\"https:\/\/cdnapisec.kaltura.com\/p\/2453002\/sp\/245300200\/playManifest\/entryId\/1_jeks20zw\/flaflavo\/1_47q9h3oc\/format\/url\/protocol\/https\/a.mp4\" data-url-trans=\"\/wp-content\/uploads\/2022\/11\/video6-transcription-cast.pdf\" data-url-down=\"https:\/\/s3.eu-west-1.amazonaws.com\/uoc.tv\/download\/PID_00291126\/Imagenes_tipografia.mp4\" data-url-mobile=\"https:\/\/cdnapisec.kaltura.com\/p\/2453002\/sp\/245300200\/playManifest\/entryId\/1_jeks20zw\/flaflavo\/1_5lt1g5vv\/format\/url\/protocol\/https\/a.mp4\" id=\"1775541001187\" class=\"video-js vjs-default-skin vjs-big-play-centered video-js-fullscreen\" controls preload=\"metadata\" width=\"auto\" height=\"auto\" poster=\"\/wp-content\/uploads\/2022\/11\/video-6.png\"><track kind=\"subtitles\" src=\"\/wp-content\/uploads\/2022\/11\/video6-subs-cast.vtt\" label=\"Subt\u00edtulos\" \/>\r\n                                <p class=\"vjs-no-js\">El v\u00eddeo no se puede mostrar.<\/p>\r\n                        <\/video>\r\n                <\/div>\r\n            <\/div>\n<p>V\u00eddeo 6. Im\u00e1genes y tipograf\u00eda<\/p>\n","protected":false},"excerpt":{"rendered":"<p>V\u00eddeo 6. Im\u00e1genes y tipograf\u00eda<\/p>\n","protected":false},"author":2,"featured_media":0,"parent":0,"menu_order":0,"comment_status":"closed","ping_status":"closed","template":"","meta":[],"acf":[],"_links":{"self":[{"href":"http:\/\/quadern-programacio.recursos.uoc.edu\/es\/wp-json\/wp\/v2\/pages\/1098"}],"collection":[{"href":"http:\/\/quadern-programacio.recursos.uoc.edu\/es\/wp-json\/wp\/v2\/pages"}],"about":[{"href":"http:\/\/quadern-programacio.recursos.uoc.edu\/es\/wp-json\/wp\/v2\/types\/page"}],"author":[{"embeddable":true,"href":"http:\/\/quadern-programacio.recursos.uoc.edu\/es\/wp-json\/wp\/v2\/users\/2"}],"replies":[{"embeddable":true,"href":"http:\/\/quadern-programacio.recursos.uoc.edu\/es\/wp-json\/wp\/v2\/comments?post=1098"}],"version-history":[{"count":1,"href":"http:\/\/quadern-programacio.recursos.uoc.edu\/es\/wp-json\/wp\/v2\/pages\/1098\/revisions"}],"predecessor-version":[{"id":1105,"href":"http:\/\/quadern-programacio.recursos.uoc.edu\/es\/wp-json\/wp\/v2\/pages\/1098\/revisions\/1105"}],"wp:attachment":[{"href":"http:\/\/quadern-programacio.recursos.uoc.edu\/es\/wp-json\/wp\/v2\/media?parent=1098"}],"curies":[{"name":"wp","href":"https:\/\/api.w.org\/{rel}","templated":true}]}}