{"id":1029,"date":"2022-11-21T18:04:23","date_gmt":"2022-11-21T16:04:23","guid":{"rendered":"http:\/\/quadern-programacio.recursos.uoc.edu\/?page_id=1029"},"modified":"2022-11-21T18:12:30","modified_gmt":"2022-11-21T16:12:30","slug":"3-10-repaso-operaciones-basicas-y-funciones","status":"publish","type":"page","link":"http:\/\/quadern-programacio.recursos.uoc.edu\/es\/3-10-repaso-operaciones-basicas-y-funciones\/","title":{"rendered":"3.10. Repaso: operaciones b\u00e1sicas y funciones"},"content":{"rendered":"<div class=\"videowrapper\">\r\n                    <div class=\"videocontent\">\r\n                        <video data-url-desk=\"https:\/\/cdnapisec.kaltura.com\/p\/2453002\/sp\/245300200\/playManifest\/entryId\/1_v8vlpk5l\/flaflavo\/1_ofh8wo8m\/format\/url\/protocol\/https\/a.mp4\" data-url-trans=\"\/wp-content\/uploads\/2022\/11\/video2-transcription-cast.pdf\" data-url-down=\"https:\/\/s3.eu-west-1.amazonaws.com\/uoc.tv\/download\/PID_00291122\/Operaciones_basicas.mp4\" data-url-mobile=\"https:\/\/cdnapisec.kaltura.com\/p\/2453002\/sp\/245300200\/playManifest\/entryId\/1_v8vlpk5l\/flaflavo\/1_vk5zchho\/format\/url\/protocol\/https\/a.mp4\" id=\"1775515457601\" class=\"video-js vjs-default-skin vjs-big-play-centered video-js-fullscreen\" controls preload=\"metadata\" width=\"auto\" height=\"auto\" poster=\"\/wp-content\/uploads\/2022\/11\/video-2.png\"><track kind=\"subtitles\" src=\"\/wp-content\/uploads\/2022\/11\/video2-subs-cast.vtt\" label=\"Subt\u00edtulos\" \/>\r\n                                <p class=\"vjs-no-js\">El v\u00eddeo no se puede mostrar.<\/p>\r\n                        <\/video>\r\n                <\/div>\r\n            <\/div>\n<p>V\u00eddeo 2. Operaciones b\u00e1sicas<\/p>\n<div class=\"videowrapper\">\r\n                    <div class=\"videocontent\">\r\n                        <video data-url-desk=\"https:\/\/cdnapisec.kaltura.com\/p\/2453002\/sp\/245300200\/playManifest\/entryId\/1_2263a5nd\/flaflavo\/1_o3gb7d06\/format\/url\/protocol\/https\/a.mp4\" data-url-trans=\"\/wp-content\/uploads\/2022\/11\/video3-transcription-cast.pdf\" data-url-down=\"https:\/\/s3.eu-west-1.amazonaws.com\/uoc.tv\/download\/PID_00291123\/Funciones.mp4\" data-url-mobile=\"https:\/\/cdnapisec.kaltura.com\/p\/2453002\/sp\/245300200\/playManifest\/entryId\/1_2263a5nd\/flaflavo\/1_8caug7jl\/format\/url\/protocol\/https\/a.mp4\" id=\"1775515500974\" class=\"video-js vjs-default-skin vjs-big-play-centered video-js-fullscreen\" controls preload=\"metadata\" width=\"auto\" height=\"auto\" poster=\"\/wp-content\/uploads\/2022\/11\/video-3.png\"><track kind=\"subtitles\" src=\"\/wp-content\/uploads\/2022\/11\/video3-subs-cast.vtt\" label=\"Subt\u00edtulos\" \/>\r\n                                <p class=\"vjs-no-js\">El v\u00eddeo no se puede mostrar.<\/p>\r\n                        <\/video>\r\n                <\/div>\r\n            <\/div>\n<p>V\u00eddeo 3. Funciones<\/p>\n","protected":false},"excerpt":{"rendered":"<p>V\u00eddeo 2. Operaciones b\u00e1sicas V\u00eddeo 3. Funciones<\/p>\n","protected":false},"author":2,"featured_media":0,"parent":0,"menu_order":0,"comment_status":"closed","ping_status":"closed","template":"","meta":[],"acf":[],"_links":{"self":[{"href":"http:\/\/quadern-programacio.recursos.uoc.edu\/es\/wp-json\/wp\/v2\/pages\/1029"}],"collection":[{"href":"http:\/\/quadern-programacio.recursos.uoc.edu\/es\/wp-json\/wp\/v2\/pages"}],"about":[{"href":"http:\/\/quadern-programacio.recursos.uoc.edu\/es\/wp-json\/wp\/v2\/types\/page"}],"author":[{"embeddable":true,"href":"http:\/\/quadern-programacio.recursos.uoc.edu\/es\/wp-json\/wp\/v2\/users\/2"}],"replies":[{"embeddable":true,"href":"http:\/\/quadern-programacio.recursos.uoc.edu\/es\/wp-json\/wp\/v2\/comments?post=1029"}],"version-history":[{"count":2,"href":"http:\/\/quadern-programacio.recursos.uoc.edu\/es\/wp-json\/wp\/v2\/pages\/1029\/revisions"}],"predecessor-version":[{"id":1056,"href":"http:\/\/quadern-programacio.recursos.uoc.edu\/es\/wp-json\/wp\/v2\/pages\/1029\/revisions\/1056"}],"wp:attachment":[{"href":"http:\/\/quadern-programacio.recursos.uoc.edu\/es\/wp-json\/wp\/v2\/media?parent=1029"}],"curies":[{"name":"wp","href":"https:\/\/api.w.org\/{rel}","templated":true}]}}